{"id":951,"date":"2020-05-07T08:47:39","date_gmt":"2020-05-07T08:47:39","guid":{"rendered":"https:\/\/advaloremadvocats.cat\/?page_id=951"},"modified":"2023-08-28T12:07:28","modified_gmt":"2023-08-28T10:07:28","slug":"politica-de-privacidad-y-cookies","status":"publish","type":"page","link":"https:\/\/www.advaloremadvocats.cat\/es\/politica-de-privacidad-y-cookies\/","title":{"rendered":"Pol\u00edtica de privacidad y cookies"},"content":{"rendered":"<p>[et_pb_section fb_built=\u00bb1&#8243; _builder_version=\u00bb4.4.3&#8243; width=\u00bb100%\u00bb max_width=\u00bb1080px\u00bb module_alignment=\u00bbcenter\u00bb][et_pb_row _builder_version=\u00bb4.4.3&#8243;][et_pb_column type=\u00bb4_4&#8243; _builder_version=\u00bb4.4.3&#8243;][et_pb_text _builder_version=\u00bb4.4.7&#8243; hover_enabled=\u00bb0&#8243;]<\/p>\n<h1>Pol\u00edtica de privacidad y cookies<\/h1>\n<p>[\/et_pb_text][et_pb_text _builder_version=\u00bb4.4.7&#8243; text_orientation=\u00bbjustified\u00bb]<\/p>\n<p><strong>ISABEL MARIA MARTIN SANTOLARIA<\/strong>, titular de los sitios <a href=\"https:\/\/www.advaloremadvocats.cat\/\">www.advaloremadvocats.cat<\/a>, <a href=\"https:\/\/www.advaloremadvocats.com\/\">www.advaloremaccidentes.com<\/a>, <a href=\"https:\/\/www.advaloremabogados.com\/\">www.advaloremabogados.com<\/a>, <a href=\"https:\/\/www.advaloremadvocats.com\/\">www.advaloremadvocats.com<\/a> y <a href=\"https:\/\/www.advaloremgranollers.com\/\">www.advaloremgranollers.com<\/a> informa al usuario de este sitio de la realizaci\u00f3n de tratamiento de datos personales bajo su responsabilidad, de conformidad con lo establecido en el Reglamento UR 2016\/679 de 27 de abril, General de Protecci\u00f3n de Datos y dem\u00e1s legislaci\u00f3n aplicable.<\/p>\n<p>[\/et_pb_text][\/et_pb_column][\/et_pb_row][et_pb_row _builder_version=\u00bb4.4.3&#8243;][et_pb_column type=\u00bb4_4&#8243; _builder_version=\u00bb4.4.3&#8243;][et_pb_text admin_label=\u00bb1&#8243; _builder_version=\u00bb4.4.5&#8243; text_orientation=\u00bbjustified\u00bb]<\/p>\n<h2>1. Informaci\u00f3n personal recabada por ADVALOREM ADVOCATS.<\/h2>\n<p>La informaci\u00f3n personal puede recabarse de distintas maneras:<\/p>\n<p>1.1- <em><strong>Solicitudes de informaci\u00f3n de un servicio (formulario de contacto).<\/strong><\/em><br \/>Cuando un usuario se registra para la solicitud de un servicio le pedimos sus datos personales, como su nombre y direcci\u00f3n de correo electr\u00f3nico. Si es una petici\u00f3n de alta en un newsletter, o la solicitud de inclusi\u00f3n de su empresa o de \u00e9l mismo como persona jur\u00eddica en alguno de nuestros directorios verticales, solicitamos todos los datos personales que permitan una completa identificaci\u00f3n. Solicitamos tambi\u00e9n m\u00e1s informaci\u00f3n personal, como el cargo, que nos permita ofrecerle en cada momento aquellos productos y servicios que, desde nuestro punto de vista, le puedan dar un mejor servicio en cuanto a comunicaci\u00f3n, marketing e informaci\u00f3n profesional.<\/p>\n<p>1.2.- <em><strong>Suscripciones a un producto\/servicio y\/o altas a boletines electr\u00f3nicos\/ newsletters.<\/strong><\/em><br \/>Los usuarios de newsletters, directorios verticales o websites, pueden recibir actualizaciones por correo electr\u00f3nico que son enviadas diaria, semanal o quincenalmente y que contienen noticias seleccionadas e informaci\u00f3n de los sectores por los que el usuario ha mostrado su inter\u00e9s o preferencia, junto con algunos anuncios e hiperv\u00ednculos al sitio de <strong>ADVALOREM ADVOCATS<\/strong> o de empresas que ofrezcan servicios o productos de inter\u00e9s profesional en dichos sectores. Basamos el tratamiento de los datos personales en el consentimiento del interesado. En algunas ocasiones, por ejemplo, para el env\u00edo de comunicaciones sobre informaci\u00f3n de inter\u00e9s, podemos basar el tratamiento en el inter\u00e9s leg\u00edtimo de <strong>ADVALOREM ADVOCATS<\/strong> o en el desarrollo de una relaci\u00f3n contractual previa (en el caso de los clientes) pero siempre garantizando al usuario la posibilidad de darse de baja. Cualquier usuario que desee darse de baja de la lista de correo de una o m\u00e1s de estas actualizaciones puede hacerlo en cualquier momento dirigi\u00e9ndose por escrito a <strong>ADVALOREM ADVOCATS<\/strong>, con domicilio en\u00a0C\/ Barcelona, 21 08401 GRANOLLERS o por correo electr\u00f3nico a la direcci\u00f3n <a href=\"mailto:granollers@advaloremadvocats.cat\">granollers@advaloremadvocats.cat<\/a>.<\/p>\n<p>1.3.- <em><strong>Encuestas<\/strong><\/em>.<br \/>En determinados momentos, a los usuarios se les puede solicitar que participen en encuestas, las cuales est\u00e1n generalmente encaminadas a obtener informaci\u00f3n general acerca de nuestros productos, servicios o productos y servicios de un tercero siempre de inter\u00e9s para el desarrollo de su actividad profesional. <strong>ADVALOREM ADVOCATS<\/strong> siempre respetar\u00e1 la voluntad de los usuarios y no utilizar\u00e1 los datos para fines distintos para los que fueron recabados ni los ceder\u00e1 a terceros sin el consentimiento previo y expreso de los usuarios.<\/p>\n<p>[\/et_pb_text][et_pb_text admin_label=\u00bb2&#8243; _builder_version=\u00bb4.4.5&#8243; text_orientation=\u00bbjustified\u00bb]<\/p>\n<h2>2. Informaci\u00f3n de navegaci\u00f3n.<\/h2>\n<p>Esta informaci\u00f3n se obtiene de manera autom\u00e1tica sin intervenci\u00f3n personal del usuario. La informaci\u00f3n de navegaci\u00f3n puede ser individual (corresponde a un usuario) o agregada (corresponde a un grupo de usuarios) y es obtenida autom\u00e1ticamente mediante el empleo de \u201ccookies\u201d y tratamiento de direcciones IP. La informaci\u00f3n de navegaci\u00f3n no est\u00e1 asociada a datos de la informaci\u00f3n personal, careciendo <strong>ADVALOREM ADVOCATS<\/strong> de la posibilidad de tratar personalizadamente la informaci\u00f3n de la navegaci\u00f3n.<\/p>\n<p>Las cookies son bloques de datos que se dejan en el ordenador del usuario que empleamos para adecuar las futuras visitas iniciadas por ese equipo a la actividad desarrollada en visitas anteriores. <strong>ADVALOREM ADVOCATS<\/strong> tambi\u00e9n utiliza la informaci\u00f3n en forma agregada para investigar la lectura de historias y analizar el patr\u00f3n de tr\u00e1fico en los newsletters de <strong>ADVALOREM ADVOCATS<\/strong>. Asimismo, tenga usted presente que, de acceder a alg\u00fan anuncio presente en nuestros newsletters o community sites pulsando sobre el mismo, el anunciante puede instalar sus propias cookies, sobre las que <strong>ADVALOREM ADVOCATS<\/strong> carece de competencia y responsabilidad alguna, por lo que el usuario debe prevenirse accediendo a la pol\u00edtica de privacidad de los anunciantes.<\/p>\n<p>Una cookie es una peque\u00f1a pieza de informaci\u00f3n que queda almacenada en tu navegador cuando visitas nuestro site. Gracias a la cookie, recordamos tus preferencias para que cuando nos visites de nuevo, obtengas una mejor experiencia online. T\u00fa decides si permites o no las cookies, pero si decides no permitirlas, debes bloquearlas en tu navegador.<\/p>\n<p><em><strong>Tipos de \u2018cookies\u2019 utilizadas.<br \/><\/strong><\/em>Esta web utiliza tanto \u2018cookies\u2019 temporales de sesi\u00f3n como \u2018cookies\u2019 permanentes. Las \u2018cookies\u2019 de sesi\u00f3n almacenan datos \u00fanicamente mientras el usuario accede a la web y las \u2018cookies\u2019 permanentes almacenan los datos en el terminal para que sean accedidos y utilizados en m\u00e1s de una sesi\u00f3n.<\/p>\n<p>Seg\u00fan la finalidad para la que se traten los datos obtenidos a trav\u00e9s de las \u2018cookies\u2019, el web puede utilizar:<\/p>\n<p><em><strong>\u2018Cookies\u2019 t\u00e9cnicas<\/strong><\/em><br \/>Son aqu\u00e9llas que permiten al usuario la navegaci\u00f3n a trav\u00e9s de la p\u00e1gina web o aplicaci\u00f3n y la utilizaci\u00f3n de las diferentes opciones o servicios que en ella existen. Por ejemplo, controlar el tr\u00e1fico y la comunicaci\u00f3n de datos, identificar la sesi\u00f3n, acceder a las partes web de acceso restringido, recordar los elementos que integran un pedido, realizar la solicitud de inscripci\u00f3n o participaci\u00f3n en un evento, utilizar elementos de seguridad durante la navegaci\u00f3n y almacenar contenidos para la difusi\u00f3n de videos o sonido.<\/p>\n<p><em><strong>\u2018Cookies\u2019 de personalizaci\u00f3n<\/strong><\/em><br \/>Son aqu\u00e9llas que permiten al usuario acceder al servicio con algunas caracter\u00edsticas de car\u00e1cter general predefinidas en su terminal o que el propio usuario defina. Por ejemplo, el idioma, el tipo de navegador a trav\u00e9s del cual accede al servicio, el dise\u00f1o de contenidos seleccionado, geolocalizaci\u00f3n del terminal y la configuraci\u00f3n regional desde donde se accede al servicio.<\/p>\n<p><em><strong>\u2018Cookies\u2019 publicitarias<\/strong><\/em><br \/>Son aqu\u00e9llas que permiten la gesti\u00f3n eficaz de los espacios publicitarios que se han incluido en la p\u00e1gina web o aplicaci\u00f3n desde la que se presta el servicio. Permiten adecuar el contenido de la publicidad para que esta sea relevante para el usuario y para evitar mostrar anuncios que el usuario ya haya visto.<\/p>\n<p><em><strong>\u2018Cookies\u2019 de an\u00e1lisis estad\u00edstico<\/strong><\/em><br \/>Son aqu\u00e9llas que permiten realizar el seguimiento y an\u00e1lisis del comportamiento de los usuarios en los sitios web. La informaci\u00f3n recogida mediante este tipo de \u2018cookies\u2019 se utiliza en la medici\u00f3n de la actividad de los sitios web, aplicaci\u00f3n o plataforma y para la elaboraci\u00f3n de perfiles de navegaci\u00f3n de los usuarios de dichos sitios, con el fin de introducir mejoras en el servicio en funci\u00f3n de los datos de uso que hacen los usuarios.<\/p>\n<p><em><strong>\u2018Cookies\u2019 de terceros<br \/><\/strong><\/em>En algunas p\u00e1ginas web se pueden instalar \u2018cookies\u2019 de terceros que permiten gestionar y mejorar los servicios ofrecidos. Como por ejemplo, servicios estad\u00edsticos de Google Analytics y Comscore.<\/p>\n<p><em><strong>\u00bfC\u00f3mo administrar \u2018cookies\u2019 en el navegador?<br \/><\/strong><\/em>El usuario tiene la opci\u00f3n de permitir, bloquear o eliminar las \u2018cookies\u2019 instaladas en su equipo mediante la configuraci\u00f3n de las opciones del navegador instalado en su terminal:<\/p>\n<p><em><strong>Para ajustar los permisos relacionados con las \u2018cookies\u2019 en el navegador Google Chrome:<\/strong><\/em><br \/>Hacer clic en el men\u00fa situado en la barra de herramientas. Seleccionar Configuraci\u00f3n.<br \/>Hacer clic en Mostar opciones avanzadas.<br \/>En la secci\u00f3n \u2018Privacidad\u2019 hacer clic en el bot\u00f3n Configuraci\u00f3n de contenido.<br \/>En la secci\u00f3n de \u2018Cookies\u2019 se pueden configurar las opciones.<\/p>\n<p><strong><em>Para ajustar los permisos relacionados con las \u2018cookies\u2019 en el navegador Mozilla Firefox:<\/em><\/strong><br \/>En la parte superior de la ventana de Firefox hacer clic en el men\u00fa Herramientas.<br \/>Seleccionar Opciones.<br \/>Seleccionar el panel Privacidad.<br \/>En la opci\u00f3n Firefox podr\u00e1 elegir Usar una configuraci\u00f3n personalizada para el historial para configurar las opciones.<\/p>\n<p><em><strong>Para ajustar los permisos relacionados con las \u2018cookies\u2019 en el navegador Internet Explorer 9:<br \/><\/strong><\/em>En la parte superior de la ventana de Internet Explorer hacer clic en el men\u00fa Herramientas.<br \/>Seleccionar la pesta\u00f1a de Seguridad y utilizar la opci\u00f3n Eliminar el historial de exploraci\u00f3n para eliminar las \u2018cookies\u2019.<br \/>Activar la casilla \u2018Cookies\u2019 y, a continuaci\u00f3n, hacer clic en Eliminar.<br \/>Seleccionar la pesta\u00f1a de Seguridad y acceder a Configuraci\u00f3n.<br \/>Mover el control deslizante totalmente hacia arriba para bloquear todas las \u2018cookies\u2019 o totalmente hacia abajo para permitir todas las \u2018cookies\u2019.<br \/>Tras ello, hacer clic en Aceptar.<\/p>\n<p>En caso de bloquear el uso de \u2018cookies\u2019 en su navegador es posible que algunos servicios o funcionalidades de la p\u00e1gina web no est\u00e9n disponibles. En algunos navegadores se pueden configurar reglas espec\u00edficas para administrar \u2018cookies\u2019 por sitio web, lo que ofrece un control m\u00e1s preciso sobre la privacidad. Esto significa que se puede inhabilitar \u2018cookies\u2019 de todos los sitios salvo de aquellos en los que se conf\u00ede.<\/p>\n<p>[\/et_pb_text][et_pb_text admin_label=\u00bb3&#8243; _builder_version=\u00bb4.4.5&#8243; text_orientation=\u00bbjustified\u00bb]<\/p>\n<h2>3. Uso de la Informaci\u00f3n.<\/h2>\n<p>Sus datos personales ser\u00e1n objeto de tratamiento por parte de <strong>ISABEL MARIA MARTIN SANTOLARIA<\/strong>, con CIF 46350172C, y domicilio en Granollers (Barcelona), C\/ Barcelona, 21, 08401, cuya finalidad es la gesti\u00f3n de nuestra relaci\u00f3n comercial, as\u00ed como la gesti\u00f3n de su solicitud de informaci\u00f3n o la prestaci\u00f3n del servicio solicitado. <strong>ADVALOREM ADVOCATS<\/strong> tiene como misi\u00f3n facilitar informaci\u00f3n profesional y favorecer la comunicaci\u00f3n con el cliente y sus necesidades, para lo que, de manera peri\u00f3dica u ocasional, enviamos comunicados con contenidos que persiguen ayudarle en sus necesidades siempre y cuando Ud. haya consentido su env\u00edo en el formulario correspondiente o bien se aplique el inter\u00e9s leg\u00edtimo. <strong>ADVALOREM ADVOCATS<\/strong> no revelar\u00e1 informaci\u00f3n personal alguna a terceras personas, excepto cuando <strong>ADVALOREM ADVOCATS<\/strong> considere de buena fe que la ley as\u00ed lo requiere o si el usuario ha dado su autorizaci\u00f3n. Nada de la informaci\u00f3n proporcionada puede ser relacionada con la identidad u otra informaci\u00f3n personal de los usuarios individuales.<\/p>\n<p>[\/et_pb_text][et_pb_text admin_label=\u00bb4&#8243; _builder_version=\u00bb4.4.5&#8243; text_orientation=\u00bbjustified\u00bb]<\/p>\n<h2>4. Correcci\u00f3n de informaci\u00f3n.<\/h2>\n<p>Sin perjuicio de los derechos de protecci\u00f3n de la informaci\u00f3n personal, <strong>ADVALOREM ADVOCATS<\/strong> ofrece a los usuarios la posibilidad de corregir o actualizar su informaci\u00f3n de usuario enviando un correo electr\u00f3nico a <a href=\"mailto:granollers@advaloremadvocats.cat\">granollers@advaloremadvocats.cat<\/a>.<\/p>\n<p>[\/et_pb_text][et_pb_text admin_label=\u00bb5&#8243; _builder_version=\u00bb4.4.5&#8243; text_orientation=\u00bbjustified\u00bb]<\/p>\n<h2>5. Tiempo de conservaci\u00f3n de los datos<\/h2>\n<p><strong>ADVALOREM ADVOCATS<\/strong> guardar\u00e1 sus datos mientras sea necesario para:<\/p>\n<ul>\n<li>Garantizar la relaci\u00f3n contractual y las garant\u00edas de responsabilidad y conservaci\u00f3n de documentos una vez finalizada la relaci\u00f3n contractual y durante un m\u00ednimo de 10 a\u00f1os.<\/li>\n<li>Mantenerle informado de novedades y enviarle nuestras newsletters y siempre que Vd. no solicite la baja.<\/li>\n<li>El cumplimiento de las obligaciones legales.<\/li>\n<\/ul>\n<p>[\/et_pb_text][et_pb_text admin_label=\u00bb6&#8243; _builder_version=\u00bb4.4.5&#8243; text_orientation=\u00bbjustified\u00bb]<\/p>\n<h2>6. Derecho a presentar una reclamaci\u00f3n ante la Agencia Espa\u00f1ola de Protecci\u00f3n de Datos<\/h2>\n<p>De conformidad con lo dispuesto en el Reglamento UE 2016\/679 General de Protecci\u00f3n de Datos, es nuestra obligaci\u00f3n informarle de que Vd. tiene derecho a presentar una reclamaci\u00f3n ante la Agencia Espa\u00f1ola de Protecci\u00f3n de Datos en el caso de que <strong>ADVALOREM ADVOCATS<\/strong> incumpla sus obligaciones.<\/p>\n<p>No obstante, tenemos un s\u00f3lido compromiso con el respeto a la privacidad y a nuestros usuarios por lo que haremos todo lo posible para resolver cualquier cuesti\u00f3n relacionada con sus datos personales. Para ello, puede contactar con nosotros en nuestro domicilio o en\u00a0<a href=\"mailto:granollers@advaloremadvocats.cat\">granollers@advaloremadvocats.cat<\/a> .<\/p>\n<p><em><strong>Seguridad<\/strong><\/em><br \/><strong>ADVALOREM ADVOCATS<\/strong> mantiene los niveles de seguridad de protecci\u00f3n de datos personales que establece la legislaci\u00f3n vigente (Reglamento UE 2016\/679 de 27 de abril, General de Protecci\u00f3n de Datos), y ha establecido todos los medios t\u00e9cnicos a su alcance atendiendo al estado de la tecnolog\u00eda para evitar el mal uso, alteraci\u00f3n, acceso no autorizado, p\u00e9rdida o robo de los datos que el usuario proporcione a trav\u00e9s de IMS 2000 SL, si bien no se hace responsable de la p\u00e9rdida de informaci\u00f3n que pudiera darse en tales casos.<\/p>\n<p><strong>ADVALOREM ADVOCATS<\/strong> se reserva el derecho a modificar la presente pol\u00edtica para adaptarla a futuras novedades legislativas, as\u00ed como a pr\u00e1cticas de la industria, informando previamente a los usuarios de los cambios que en ella se produzcan.<\/p>\n<p>[\/et_pb_text][\/et_pb_column][\/et_pb_row][\/et_pb_section]<\/p>\n","protected":false},"excerpt":{"rendered":"<p>[et_pb_section fb_built=\u00bb1&#8243; _builder_version=\u00bb4.4.3&#8243; width=\u00bb100%\u00bb max_width=\u00bb1080px\u00bb module_alignment=\u00bbcenter\u00bb][et_pb_row _builder_version=\u00bb4.4.3&#8243;][et_pb_column type=\u00bb4_4&#8243; _builder_version=\u00bb4.4.3&#8243;][et_pb_text _builder_version=\u00bb4.4.7&#8243; hover_enabled=\u00bb0&#8243;] Pol\u00edtica de privacidad y cookies [\/et_pb_text][et_pb_text _builder_version=\u00bb4.4.7&#8243; text_orientation=\u00bbjustified\u00bb] ISABEL MARIA MARTIN SANTOLARIA, titular de los sitios www.advaloremadvocats.cat, www.advaloremaccidentes.com, www.advaloremabogados.com, www.advaloremadvocats.com y www.advaloremgranollers.com informa al usuario de este sitio de la realizaci\u00f3n de tratamiento de datos personales bajo su responsabilidad, de conformidad con lo establecido [&hellip;]<\/p>\n","protected":false},"author":3,"featured_media":0,"parent":0,"menu_order":0,"comment_status":"closed","ping_status":"closed","template":"","meta":{"_et_pb_use_builder":"on","_et_pb_old_content":"","_et_gb_content_width":"","footnotes":""},"_links":{"self":[{"href":"https:\/\/www.advaloremadvocats.cat\/es\/wp-json\/wp\/v2\/pages\/951"}],"collection":[{"href":"https:\/\/www.advaloremadvocats.cat\/es\/wp-json\/wp\/v2\/pages"}],"about":[{"href":"https:\/\/www.advaloremadvocats.cat\/es\/wp-json\/wp\/v2\/types\/page"}],"author":[{"embeddable":true,"href":"https:\/\/www.advaloremadvocats.cat\/es\/wp-json\/wp\/v2\/users\/3"}],"replies":[{"embeddable":true,"href":"https:\/\/www.advaloremadvocats.cat\/es\/wp-json\/wp\/v2\/comments?post=951"}],"version-history":[{"count":8,"href":"https:\/\/www.advaloremadvocats.cat\/es\/wp-json\/wp\/v2\/pages\/951\/revisions"}],"predecessor-version":[{"id":1992,"href":"https:\/\/www.advaloremadvocats.cat\/es\/wp-json\/wp\/v2\/pages\/951\/revisions\/1992"}],"wp:attachment":[{"href":"https:\/\/www.advaloremadvocats.cat\/es\/wp-json\/wp\/v2\/media?parent=951"}],"curies":[{"name":"wp","href":"https:\/\/api.w.org\/{rel}","templated":true}]}}