{"id":180,"date":"2020-03-30T08:28:51","date_gmt":"2020-03-30T08:28:51","guid":{"rendered":"https:\/\/advaloremadvocats.cat\/?page_id=180"},"modified":"2025-05-05T13:26:38","modified_gmt":"2025-05-05T11:26:38","slug":"reclamacion-de-danos-y-perjuicios","status":"publish","type":"page","link":"https:\/\/www.advaloremadvocats.cat\/es\/reclamacion-de-danos-y-perjuicios\/","title":{"rendered":"Reclamaci\u00f3n de da\u00f1os y perjuicios"},"content":{"rendered":"<p>[et_pb_section fb_built=\u00bb1&#8243; fullwidth=\u00bbon\u00bb module_id=\u00bbheader-title\u00bb _builder_version=\u00bb4.4.3&#8243; locked=\u00bboff\u00bb][et_pb_fullwidth_header text_orientation=\u00bbcenter\u00bb admin_label=\u00bbT\u00edtulo de anchura completa\u00bb _builder_version=\u00bb4.4.3&#8243; title_font=\u00bbRaleway|200||on|||||\u00bb title_text_align=\u00bbleft\u00bb title_text_color=\u00bb#1e1e1e\u00bb title_font_size=\u00bb50px\u00bb title_line_height=\u00bb1.2em\u00bb background_enable_color=\u00bboff\u00bb background_image=\u00bbhttps:\/\/advaloremadvocats.cat\/wp-content\/uploads\/2020\/04\/Slide4.jpg\u00bb parallax=\u00bbon\u00bb parallax_method=\u00bbon\u00bb]<\/p>\n<h1>Reclamaci\u00f3n de da\u00f1os <br \/>y perjuicios<\/h1>\n<p>[\/et_pb_fullwidth_header][\/et_pb_section][et_pb_section fb_built=\u00bb1&#8243; admin_label=\u00bbResumen\u00bb _builder_version=\u00bb4.4.3&#8243; background_color=\u00bbrgba(51,51,51,0.15)\u00bb custom_padding=\u00bb50px||50px||true|false\u00bb locked=\u00bboff\u00bb][et_pb_row _builder_version=\u00bb4.4.3&#8243;][et_pb_column type=\u00bb4_4&#8243; _builder_version=\u00bb4.4.3&#8243;][et_pb_text _builder_version=\u00bb4.4.7&#8243; text_font=\u00bbWork Sans||||||||\u00bb text_font_size=\u00bb20px\u00bb text_orientation=\u00bbjustified\u00bb]<\/p>\n<p><strong>ADVALOREM ADVOCATS<\/strong> es el \u00fanico despacho en Granollers y las comarcas del Vall\u00e9s con Abogados en la Junta de la Associaci\u00f3 d\u2019Advocats de V\u00edctimes d\u2019Accidents de Catalunya (ADAVIAC).<\/p>\n<p>[\/et_pb_text][\/et_pb_column][\/et_pb_row][\/et_pb_section][et_pb_section fb_built=\u00bb1&#8243; admin_label=\u00bbService Info\u00bb _builder_version=\u00bb3.22&#8243; background_color=\u00bb#f3f1f2&#8243; use_background_color_gradient=\u00bbon\u00bb background_color_gradient_start=\u00bbrgba(243,241,242,0)\u00bb background_color_gradient_end=\u00bb#f3f1f2&#8243; background_color_gradient_overlays_image=\u00bbon\u00bb background_image=\u00bbhttps:\/\/advaloremadvocats.cat\/wp-content\/uploads\/2020\/03\/cirlcle-pattern-tile2.png\u00bb background_size=\u00bbinitial\u00bb background_repeat=\u00bbrepeat\u00bb locked=\u00bboff\u00bb][et_pb_row _builder_version=\u00bb3.25&#8243; transform_translate=\u00bb-30px|0px\u00bb custom_padding=\u00bb0||60px|30px|false|false\u00bb border_color_all=\u00bbrgba(37,43,58,0.24)\u00bb border_width_left=\u00bb1px\u00bb use_custom_width=\u00bbon\u00bb][et_pb_column type=\u00bb4_4&#8243; _builder_version=\u00bb3.25&#8243; custom_padding=\u00bb|||\u00bb custom_padding__hover=\u00bb|||\u00bb][et_pb_image src=\u00bbhttps:\/\/advaloremadvocats.cat\/wp-content\/uploads\/2020\/04\/adaviac_logo.png\u00bb url=\u00bbhttps:\/\/www.adaviac.cat\/\u00bb url_new_window=\u00bbon\u00bb align=\u00bbcenter\u00bb _builder_version=\u00bb4.4.7&#8243; max_width=\u00bb600px\u00bb module_alignment=\u00bbcenter\u00bb locked=\u00bboff\u00bb][\/et_pb_image][et_pb_text _builder_version=\u00bb4.4.7&#8243; text_font=\u00bbWork Sans||||||||\u00bb text_font_size=\u00bb16px\u00bb text_line_height=\u00bb2em\u00bb header_3_font=\u00bbWork Sans|600||on|||||\u00bb header_3_text_color=\u00bb#252b3a\u00bb header_3_font_size=\u00bb12px\u00bb header_3_letter_spacing=\u00bb1.5px\u00bb header_3_line_height=\u00bb2em\u00bb text_orientation=\u00bbjustified\u00bb hover_enabled=\u00bb0&#8243; locked=\u00bboff\u00bb]<\/p>\n<div class=\"flex max-w-full flex-col grow\">\n<div class=\"min-h-8 text-message relative flex w-full flex-col items-end gap-2 text-start break-words whitespace-normal [.text-message+&amp;]:mt-5\" dir=\"auto\" data-message-author-role=\"assistant\" data-message-id=\"dc9c423a-8ef6-43f9-be6b-1ceb924a7e1e\" data-message-model-slug=\"gpt-4o-mini\">\n<div class=\"flex w-full flex-col gap-1 empty:hidden first:pt-[3px]\">\n<div class=\"markdown prose dark:prose-invert w-full break-words light\">\n<h2 data-start=\"0\" data-end=\"1363\">ADAVIAC: Defensa de v\u00edctimas de accidentes de tr\u00e1fico y responsabilidad civil<\/h2>\n<p class=\"\" data-start=\"0\" data-end=\"1363\">ADAVIAC tiene como objetivo principal la defensa y protecci\u00f3n de las v\u00edctimas de accidentes de tr\u00e1fico y de otros hechos generadores de responsabilidad civil, as\u00ed como la gesti\u00f3n de los perjuicios derivados de estos incidentes.<br data-start=\"307\" data-end=\"310\" \/>Apoyo complementario a v\u00edctimas: servicios y profesionales especializados<br data-start=\"383\" data-end=\"386\" \/>La asociaci\u00f3n tambi\u00e9n promueve la obtenci\u00f3n de beneficios econ\u00f3micos en centros sanitarios y de rehabilitaci\u00f3n, as\u00ed como el acceso a profesionales especializados como peritos m\u00e9dicos, reconstructores de accidentes, biomec\u00e1nicos, talleres de reparaci\u00f3n y procuradores.<br data-start=\"653\" data-end=\"656\" \/>Este enfoque facilita un intercambio de conocimiento jur\u00eddico especializado en responsabilidad civil, garantizando las m\u00e1ximas garant\u00edas de \u00e9xito en la defensa legal. ADAVIAC lucha contra las malas pr\u00e1cticas del sector, promueve la defensa de honorarios justos, y fomenta la reclamaci\u00f3n de honorarios a trav\u00e9s de p\u00f3lizas de defensa jur\u00eddica, asegurando una compensaci\u00f3n adecuada por los perjuicios sufridos.<\/p>\n<h2 data-start=\"0\" data-end=\"1363\">Compromiso de independencia y defensa exclusiva de v\u00edctimas<\/h2>\n<p class=\"\" data-start=\"0\" data-end=\"1363\">En Advalorem, como abogados de la asociaci\u00f3n, NO representamos a ninguna compa\u00f1\u00eda de seguros, lo que nos permite ofrecer una defensa legal integral e independiente para las v\u00edctimas, con una formaci\u00f3n jur\u00eddica continua y especializada.<\/p>\n<\/div>\n<\/div>\n<\/div>\n<\/div>\n<div class=\"flex justify-start\">\u00a0<\/div>\n<p>[\/et_pb_text][\/et_pb_column][\/et_pb_row][et_pb_row _builder_version=\u00bb3.25&#8243; custom_padding=\u00bb0|0px|27px|0px|false|false\u00bb locked=\u00bboff\u00bb][et_pb_column type=\u00bb4_4&#8243; _builder_version=\u00bb3.25&#8243; custom_padding=\u00bb|||\u00bb custom_padding__hover=\u00bb|||\u00bb][et_pb_button button_url=\u00bbhttps:\/\/www.advaloremadvocats.cat\/es\/contacto\/\u00bb button_text=\u00bbNecesita m\u00e1s informaci\u00f3n? Contacte con nosotros\u00bb button_alignment=\u00bbleft\u00bb _builder_version=\u00bb4.4.7&#8243; custom_button=\u00bbon\u00bb button_text_size=\u00bb14px\u00bb button_text_color=\u00bb#252b3a\u00bb button_bg_color=\u00bbrgba(0,0,0,0)\u00bb button_border_width=\u00bb1px\u00bb button_border_color=\u00bbrgba(37,43,58,0.24)\u00bb button_border_radius=\u00bb0px\u00bb button_letter_spacing=\u00bb1px\u00bb button_font=\u00bbWork Sans|600|||||||\u00bb button_use_icon=\u00bboff\u00bb transform_translate=\u00bb-30px|0px\u00bb custom_padding=\u00bb20px|40px|20px|40px|true|true\u00bb locked=\u00bboff\u00bb][\/et_pb_button][\/et_pb_column][\/et_pb_row][\/et_pb_section][et_pb_section fb_built=\u00bb1&#8243; admin_label=\u00bbFooter\u00bb module_id=\u00bbcontacto\u00bb _builder_version=\u00bb4.4.7&#8243; background_color=\u00bb#f3f1f2&#8243; custom_padding=\u00bb4px|||||\u00bb global_module=\u00bb377&#8243; saved_tabs=\u00bball\u00bb locked=\u00bboff\u00bb collapsed=\u00bboff\u00bb][et_pb_row column_structure=\u00bb1_2,1_2&#8243; module_id=\u00bbcontact\u00bb _builder_version=\u00bb4.4.7&#8243; width_tablet=\u00bb\u00bb width_phone=\u00bb95%\u00bb width_last_edited=\u00bbon|phone\u00bb custom_padding=\u00bb||13px|||\u00bb locked=\u00bboff\u00bb][et_pb_column type=\u00bb1_2&#8243; _builder_version=\u00bb3.25&#8243; custom_padding=\u00bb|||\u00bb custom_padding__hover=\u00bb|||\u00bb][et_pb_divider color=\u00bb#d94144&#8243; _builder_version=\u00bb3.21.1&#8243; custom_margin=\u00bb10px|||-1000px\u00bb locked=\u00bboff\u00bb][\/et_pb_divider][et_pb_text _builder_version=\u00bb4.4.5&#8243; text_font=\u00bbWork Sans|600|||||||\u00bb text_line_height=\u00bb2em\u00bb header_font=\u00bb||||||||\u00bb header_2_font=\u00bbWork Sans|200||on|||||\u00bb header_2_font_size=\u00bb3vw\u00bb header_2_line_height=\u00bb1.2em\u00bb header_3_font=\u00bbRaleway|700||on|||||\u00bb header_3_font_size=\u00bb12px\u00bb header_3_letter_spacing=\u00bb1.5px\u00bb header_3_line_height=\u00bb2em\u00bb header_4_font=\u00bb||||||||\u00bb custom_margin=\u00bb||15px|||\u00bb header_2_font_size_tablet=\u00bb5vw\u00bb header_2_font_size_phone=\u00bb24px\u00bb header_2_font_size_last_edited=\u00bbon|phone\u00bb border_color_all=\u00bb#f3f1f2&#8243; locked=\u00bboff\u00bb]<\/p>\n<h2>Contacto<\/h2>\n<p>[\/et_pb_text][\/et_pb_column][et_pb_column type=\u00bb1_2&#8243; _builder_version=\u00bb4.4.3&#8243;][\/et_pb_column][\/et_pb_row][et_pb_row column_structure=\u00bb1_2,1_2&#8243; make_equal=\u00bbon\u00bb custom_padding_last_edited=\u00bbon|phone\u00bb _builder_version=\u00bb4.4.3&#8243; width_tablet=\u00bb\u00bb width_phone=\u00bb95%\u00bb width_last_edited=\u00bbon|phone\u00bb custom_margin=\u00bb-12px|auto||auto||\u00bb custom_padding_tablet=\u00bb\u00bb custom_padding_phone=\u00bb0px||||false|false\u00bb][et_pb_column type=\u00bb1_2&#8243; module_class=\u00bbcontact-info\u00bb _builder_version=\u00bb4.4.3&#8243; custom_padding=\u00bb|||\u00bb custom_css_main_element=\u00bb\/*||display: flex;||flex-direction: column;||margin-top: auto;||margin-bottom: auto;||*\/\u00bb custom_padding__hover=\u00bb|||\u00bb][et_pb_text _builder_version=\u00bb4.4.3&#8243; text_font=\u00bbWork Sans|300|||||||\u00bb text_font_size=\u00bb18px\u00bb text_line_height=\u00bb1.2em\u00bb header_font=\u00bb||||||||\u00bb header_2_font=\u00bbSuranna|||on|||||\u00bb header_2_font_size=\u00bb3vw\u00bb header_2_line_height=\u00bb1.2em\u00bb header_3_font=\u00bbWork Sans|700|||||||\u00bb header_3_text_color=\u00bb#db4814&#8243; header_3_font_size=\u00bb20px\u00bb header_3_letter_spacing=\u00bb1.5px\u00bb header_3_line_height=\u00bb0.3em\u00bb header_4_font=\u00bb||||||||\u00bb min_height=\u00bb58px\u00bb custom_margin=\u00bb3px||2px||false|false\u00bb custom_padding=\u00bb25px||18px||false|false\u00bb header_2_font_size_tablet=\u00bb5vw\u00bb header_2_font_size_phone=\u00bb24px\u00bb header_2_font_size_last_edited=\u00bbon|phone\u00bb border_color_all=\u00bb#f3f1f2&#8243; locked=\u00bboff\u00bb]<\/p>\n<h3>ADVALOREM ADVOCATS<\/h3>\n<p style=\"text-align: left;\">Defensa Integral de V\u00edctimas<\/p>\n<p>[\/et_pb_text][et_pb_text _builder_version=\u00bb4.4.3&#8243; text_font=\u00bbWork Sans|600|||||||\u00bb text_line_height=\u00bb2em\u00bb header_font=\u00bb||||||||\u00bb header_2_font=\u00bbSuranna|||on|||||\u00bb header_2_font_size=\u00bb3vw\u00bb header_2_line_height=\u00bb1.2em\u00bb header_3_font=\u00bbRaleway|700|||||||\u00bb header_3_font_size=\u00bb12px\u00bb header_3_letter_spacing=\u00bb1.5px\u00bb header_3_line_height=\u00bb2em\u00bb header_4_font=\u00bb||||||||\u00bb custom_margin=\u00bb4px||2px||false|false\u00bb header_2_font_size_tablet=\u00bb5vw\u00bb header_2_font_size_phone=\u00bb24px\u00bb header_2_font_size_last_edited=\u00bbon|phone\u00bb border_color_all=\u00bb#f3f1f2&#8243; locked=\u00bboff\u00bb]<\/p>\n<h3><i class=\"fa fa-envelope\" aria-hidden=\"true\"><\/i><a href=\"mailto:granollers@advaloremadvocats.cat\">granollers@advaloremadvocats.cat<\/a><\/h3>\n<p>[\/et_pb_text][et_pb_text _builder_version=\u00bb4.4.5&#8243; text_font=\u00bbWork Sans|600|||||||\u00bb text_line_height=\u00bb2em\u00bb header_font=\u00bb||||||||\u00bb header_2_font=\u00bbSuranna|||on|||||\u00bb header_2_font_size=\u00bb3vw\u00bb header_2_line_height=\u00bb1.2em\u00bb header_3_font=\u00bbRaleway|700||on|||||\u00bb header_3_font_size=\u00bb12px\u00bb header_3_letter_spacing=\u00bb1.5px\u00bb header_3_line_height=\u00bb2em\u00bb header_4_font=\u00bb||||||||\u00bb custom_margin=\u00bb||2px|||\u00bb header_2_font_size_tablet=\u00bb5vw\u00bb header_2_font_size_phone=\u00bb24px\u00bb header_2_font_size_last_edited=\u00bbon|phone\u00bb border_color_all=\u00bb#f3f1f2&#8243; locked=\u00bboff\u00bb]<\/p>\n<h3><i class=\"fa fa-phone\" aria-hidden=\"true\"><\/i><a href=\"tel:931352194\">93 135 21 94<\/a><\/h3>\n<p>[\/et_pb_text][et_pb_text _builder_version=\u00bb4.4.5&#8243; text_font=\u00bbWork Sans|600|||||||\u00bb text_line_height=\u00bb2em\u00bb header_font=\u00bb||||||||\u00bb header_2_font=\u00bbSuranna|||on|||||\u00bb header_2_font_size=\u00bb3vw\u00bb header_2_line_height=\u00bb1.2em\u00bb header_3_font=\u00bbRaleway|700||on|||||\u00bb header_3_font_size=\u00bb12px\u00bb header_3_letter_spacing=\u00bb1.5px\u00bb header_3_line_height=\u00bb2em\u00bb header_4_font=\u00bb||||||||\u00bb custom_margin=\u00bb||2px|||\u00bb header_2_font_size_tablet=\u00bb5vw\u00bb header_2_font_size_phone=\u00bb24px\u00bb header_2_font_size_last_edited=\u00bbon|phone\u00bb border_color_all=\u00bb#f3f1f2&#8243; locked=\u00bboff\u00bb]<\/p>\n<h3><i class=\"fa fa-whatsapp\" aria-hidden=\"true\"><\/i><a href=\"https:\/\/wa.me\/34600038407\" data-wplink-edit=\"true\">60 003 84 07<\/a><\/h3>\n<p>[\/et_pb_text][et_pb_text _builder_version=\u00bb4.4.1&#8243; text_font=\u00bbWork Sans|600|||||||\u00bb text_line_height=\u00bb2em\u00bb header_font=\u00bb||||||||\u00bb header_2_font=\u00bbSuranna|||on|||||\u00bb header_2_font_size=\u00bb3vw\u00bb header_2_line_height=\u00bb1.2em\u00bb header_3_font=\u00bbRaleway|700||on|||||\u00bb header_3_font_size=\u00bb12px\u00bb header_3_letter_spacing=\u00bb1.5px\u00bb header_3_line_height=\u00bb2em\u00bb header_4_font=\u00bb||||||||\u00bb header_2_font_size_tablet=\u00bb5vw\u00bb header_2_font_size_phone=\u00bb24px\u00bb header_2_font_size_last_edited=\u00bbon|phone\u00bb border_color_all=\u00bb#f3f1f2&#8243; locked=\u00bboff\u00bb]<\/p>\n<h3><i class=\"fa fa-map-marker\" aria-hidden=\"true\"><\/i>C\/Barcelona, 21 &#8211; 08401 granollers<\/h3>\n<p>[\/et_pb_text][et_pb_code raw_content_phone=\u00bb%91leaflet-map lat=41.607242 lng=2.287025 zoom=18 height=400px%93<br \/>\n%91leaflet-marker lat=41.607242 lng=2.287025%93&#8243; raw_content_last_edited=\u00bboff|desktop\u00bb _builder_version=\u00bb4.4.3&#8243; min_height=\u00bb250px\u00bb border_width_all=\u00bb1px\u00bb border_color_all=\u00bb#db4814&#8243;]<div class=\"leaflet-map WPLeafletMap\" style=\"height:250px; width:100%;\"><\/div><script>\nwindow.WPLeafletMapPlugin = window.WPLeafletMapPlugin || [];\nwindow.WPLeafletMapPlugin.push(function WPLeafletMapShortcode() {\/*<script>*\/\nvar baseUrl = atob('aHR0cHM6Ly97c30udGlsZS5vcGVuc3RyZWV0bWFwLm9yZy97en0ve3h9L3t5fS5wbmc=');\nvar base = (!baseUrl && window.MQ) ?\n    window.MQ.mapLayer() : L.tileLayer(baseUrl,\n        L.Util.extend({}, {\n            detectRetina: 0,\n        },\n        {\"subdomains\":\"abc\",\"noWrap\":false,\"maxZoom\":20}        )\n    );\n    var options = L.Util.extend({}, {\n        layers: [base],\n        attributionControl: false\n    },\n    {\"zoomControl\":false,\"scrollWheelZoom\":false,\"doubleClickZoom\":false,\"fitBounds\":false,\"minZoom\":0,\"maxZoom\":20,\"maxBounds\":null,\"attribution\":\"<a href=\\\"http:\\\/\\\/leafletjs.com\\\" title=\\\"Una biblioteca JS para mapas interactivos\\\">Leaflet<\\\/a>; \\\\r\\\\n\\u00a9 <a href=\\\"http:\\\/\\\/www.openstreetmap.org\\\/copyright\\\">OpenStreetMap<\\\/a> colaboradores\"},\n    {});\nwindow.WPLeafletMapPlugin.createMap(options).setView([41.607242,2.287025],18);});<\/script><!-- [et_pb_line_break_holder] --><script>\nwindow.WPLeafletMapPlugin = window.WPLeafletMapPlugin || [];\nwindow.WPLeafletMapPlugin.push(function WPLeafletMarkerShortcode() {\/*<script>*\/\nvar map = window.WPLeafletMapPlugin.getCurrentMap();\nvar group = window.WPLeafletMapPlugin.getCurrentGroup();\nvar marker_options = window.WPLeafletMapPlugin.getIconOptions({});\nvar marker = L.marker(\n    [41.607242,2.287025],\n    marker_options\n);\nvar is_image = map.is_image_map;\nif (marker_options.draggable) {\n    marker.on('dragend', function () {\n        var latlng = this.getLatLng();\n        var lat = latlng.lat;\n        var lng = latlng.lng;\n        if (is_image) {\n            console.log('leaflet-marker y=' + lat + ' x=' + lng);\n        } else {\n            console.log('leaflet-marker lat=' + lat + ' lng=' + lng);\n        }\n    });\n}\nmarker.addTo( group );\nwindow.WPLeafletMapPlugin.markers.push( marker );\n        });<\/script>[\/et_pb_code][\/et_pb_column][et_pb_column type=\u00bb1_2&#8243; _builder_version=\u00bb3.25&#8243; custom_padding=\u00bb|||\u00bb custom_padding__hover=\u00bb|||\u00bb][et_pb_contact_form email=\u00bbgranollers@advaloremadvocats.cat\u00bb custom_message=\u00bbNombre: %%Name%%||et_pb_line_break_holder||Email: %%Email%%||et_pb_line_break_holder||Comunicaciones comerciales: %%com-comercial%%||et_pb_line_break_holder||Mensaje:||et_pb_line_break_holder||%%Message%%||et_pb_line_break_holder||________________||et_pb_line_break_holder||Enviado desde el formulario de contacto de advaloremadvocats.cat\u00bb use_redirect=\u00bbon\u00bb redirect_url=\u00bbhttps:\/\/www.advaloremadvocats.cat\/es\/gracias-por-contactar\/\u00bb success_message=\u00bbGracias por contactar con nosotros. En breve atenderemos su consulta\u00bb submit_button_text=\u00bbEnviar\u00bb module_id=\u00bbet_pb_contact_form_0&#8243; _builder_version=\u00bb4.4.7&#8243; form_field_background_color=\u00bbrgba(0,0,0,0)\u00bb form_field_text_color=\u00bbrgba(49,53,64,0.42)\u00bb form_field_font=\u00bbWork Sans|600||on|||||\u00bb form_field_font_size=\u00bb12px\u00bb form_field_letter_spacing=\u00bb1.5px\u00bb custom_button=\u00bbon\u00bb button_text_size=\u00bb14px\u00bb button_text_color=\u00bb#ffffff\u00bb button_bg_color=\u00bb#db4814&#8243; button_border_width=\u00bb16px\u00bb button_border_color=\u00bbrgba(0,0,0,0)\u00bb button_border_radius=\u00bb0px\u00bb button_letter_spacing=\u00bb1px\u00bb button_font=\u00bbWork Sans|600|||||||\u00bb button_use_icon=\u00bboff\u00bb custom_margin=\u00bb20px||||false|false\u00bb custom_padding=\u00bb|||||true\u00bb border_color_all=\u00bb#db4814&#8243; border_width_bottom=\u00bb1px\u00bb form_background_color=\u00bbrgba(0,0,0,0)\u00bb locked=\u00bboff\u00bb button_bg_color__hover_enabled=\u00bbon|hover\u00bb button_bg_color__hover=\u00bb#db4814&#8243; button_bg_enable_color__hover=\u00bbon\u00bb][et_pb_contact_field field_id=\u00bbName\u00bb field_title=\u00bbNombre\u00bb fullwidth_field=\u00bbon\u00bb _builder_version=\u00bb4.4.1&#8243; custom_margin=\u00bb|||||false\u00bb custom_padding=\u00bb|||||false\u00bb button_text_size__hover_enabled=\u00bboff\u00bb button_one_text_size__hover_enabled=\u00bboff\u00bb button_two_text_size__hover_enabled=\u00bboff\u00bb button_text_color__hover_enabled=\u00bboff\u00bb button_one_text_color__hover_enabled=\u00bboff\u00bb button_two_text_color__hover_enabled=\u00bboff\u00bb button_border_width__hover_enabled=\u00bboff\u00bb button_one_border_width__hover_enabled=\u00bboff\u00bb button_two_border_width__hover_enabled=\u00bboff\u00bb button_border_color__hover_enabled=\u00bboff\u00bb button_one_border_color__hover_enabled=\u00bboff\u00bb button_two_border_color__hover_enabled=\u00bboff\u00bb button_border_radius__hover_enabled=\u00bboff\u00bb button_one_border_radius__hover_enabled=\u00bboff\u00bb button_two_border_radius__hover_enabled=\u00bboff\u00bb button_letter_spacing__hover_enabled=\u00bboff\u00bb button_one_letter_spacing__hover_enabled=\u00bboff\u00bb button_two_letter_spacing__hover_enabled=\u00bboff\u00bb button_bg_color__hover_enabled=\u00bboff\u00bb button_one_bg_color__hover_enabled=\u00bboff\u00bb button_two_bg_color__hover_enabled=\u00bboff\u00bb][\/et_pb_contact_field][et_pb_contact_field field_id=\u00bbEmail\u00bb field_title=\u00bbEmail\u00bb field_type=\u00bbemail\u00bb fullwidth_field=\u00bbon\u00bb _builder_version=\u00bb4.4.1&#8243; custom_margin=\u00bb||\u00bb button_text_size__hover_enabled=\u00bboff\u00bb button_one_text_size__hover_enabled=\u00bboff\u00bb button_two_text_size__hover_enabled=\u00bboff\u00bb button_text_color__hover_enabled=\u00bboff\u00bb button_one_text_color__hover_enabled=\u00bboff\u00bb button_two_text_color__hover_enabled=\u00bboff\u00bb button_border_width__hover_enabled=\u00bboff\u00bb button_one_border_width__hover_enabled=\u00bboff\u00bb button_two_border_width__hover_enabled=\u00bboff\u00bb button_border_color__hover_enabled=\u00bboff\u00bb button_one_border_color__hover_enabled=\u00bboff\u00bb button_two_border_color__hover_enabled=\u00bboff\u00bb button_border_radius__hover_enabled=\u00bboff\u00bb button_one_border_radius__hover_enabled=\u00bboff\u00bb button_two_border_radius__hover_enabled=\u00bboff\u00bb button_letter_spacing__hover_enabled=\u00bboff\u00bb button_one_letter_spacing__hover_enabled=\u00bboff\u00bb button_two_letter_spacing__hover_enabled=\u00bboff\u00bb button_bg_color__hover_enabled=\u00bboff\u00bb button_one_bg_color__hover_enabled=\u00bboff\u00bb button_two_bg_color__hover_enabled=\u00bboff\u00bb][\/et_pb_contact_field][et_pb_contact_field field_id=\u00bbMessage\u00bb field_title=\u00bbMensaje\u00bb field_type=\u00bbtext\u00bb fullwidth_field=\u00bbon\u00bb _builder_version=\u00bb4.4.1&#8243; custom_margin=\u00bb||40px\u00bb button_text_size__hover_enabled=\u00bboff\u00bb button_one_text_size__hover_enabled=\u00bboff\u00bb button_two_text_size__hover_enabled=\u00bboff\u00bb button_text_color__hover_enabled=\u00bboff\u00bb button_one_text_color__hover_enabled=\u00bboff\u00bb button_two_text_color__hover_enabled=\u00bboff\u00bb button_border_width__hover_enabled=\u00bboff\u00bb button_one_border_width__hover_enabled=\u00bboff\u00bb button_two_border_width__hover_enabled=\u00bboff\u00bb button_border_color__hover_enabled=\u00bboff\u00bb button_one_border_color__hover_enabled=\u00bboff\u00bb button_two_border_color__hover_enabled=\u00bboff\u00bb button_border_radius__hover_enabled=\u00bboff\u00bb button_one_border_radius__hover_enabled=\u00bboff\u00bb button_two_border_radius__hover_enabled=\u00bboff\u00bb button_letter_spacing__hover_enabled=\u00bboff\u00bb button_one_letter_spacing__hover_enabled=\u00bboff\u00bb button_two_letter_spacing__hover_enabled=\u00bboff\u00bb button_bg_color__hover_enabled=\u00bboff\u00bb button_one_bg_color__hover_enabled=\u00bboff\u00bb button_two_bg_color__hover_enabled=\u00bboff\u00bb][\/et_pb_contact_field][et_pb_contact_field field_id=\u00bbpolitica-privacidad\u00bb field_title=\u00bbPol\u00edtica de privacidad\u00bb field_type=\u00bbcheckbox\u00bb checkbox_options=\u00bb%91{%22value%22:%22He leido, comprendo y acepto la %22,%22checked%22:0,%22dragID%22:-1,%22link_url%22:%22\/politica-de-privacitat-i-cookies\/%22,%22link_text%22:%22pol\u00edtica de privacidad%22}%93&#8243; fullwidth_field=\u00bbon\u00bb _builder_version=\u00bb4.4.1&#8243;][\/et_pb_contact_field][et_pb_contact_field field_id=\u00bbcom-comercial\u00bb field_title=\u00bbComunicaciones comerciales\u00bb field_type=\u00bbcheckbox\u00bb checkbox_options=\u00bb%91{%22value%22:%22Acepto recibir comunicados comerciales para estar al dia de nuestos servicios%22,%22checked%22:0,%22dragID%22:-1}%93&#8243; required_mark=\u00bboff\u00bb fullwidth_field=\u00bbon\u00bb _builder_version=\u00bb4.4.1&#8243;][\/et_pb_contact_field][\/et_pb_contact_form][\/et_pb_column][\/et_pb_row][\/et_pb_section]<\/p>\n","protected":false},"excerpt":{"rendered":"<p>[et_pb_section fb_built=\u00bb1&#8243; fullwidth=\u00bbon\u00bb module_id=\u00bbheader-title\u00bb _builder_version=\u00bb4.4.3&#8243; locked=\u00bboff\u00bb][et_pb_fullwidth_header text_orientation=\u00bbcenter\u00bb admin_label=\u00bbT\u00edtulo de anchura completa\u00bb _builder_version=\u00bb4.4.3&#8243; title_font=\u00bbRaleway|200||on|||||\u00bb title_text_align=\u00bbleft\u00bb title_text_color=\u00bb#1e1e1e\u00bb title_font_size=\u00bb50px\u00bb title_line_height=\u00bb1.2em\u00bb background_enable_color=\u00bboff\u00bb background_image=\u00bbhttps:\/\/advaloremadvocats.cat\/wp-content\/uploads\/2020\/04\/Slide4.jpg\u00bb parallax=\u00bbon\u00bb parallax_method=\u00bbon\u00bb] Reclamaci\u00f3n de da\u00f1os y perjuicios [\/et_pb_fullwidth_header][\/et_pb_section][et_pb_section fb_built=\u00bb1&#8243; admin_label=\u00bbResumen\u00bb _builder_version=\u00bb4.4.3&#8243; background_color=\u00bbrgba(51,51,51,0.15)\u00bb custom_padding=\u00bb50px||50px||true|false\u00bb locked=\u00bboff\u00bb][et_pb_row _builder_version=\u00bb4.4.3&#8243;][et_pb_column type=\u00bb4_4&#8243; _builder_version=\u00bb4.4.3&#8243;][et_pb_text _builder_version=\u00bb4.4.7&#8243; text_font=\u00bbWork Sans||||||||\u00bb text_font_size=\u00bb20px\u00bb text_orientation=\u00bbjustified\u00bb] ADVALOREM ADVOCATS es el \u00fanico despacho en Granollers y las comarcas del Vall\u00e9s con [&hellip;]<\/p>\n","protected":false},"author":4,"featured_media":0,"parent":0,"menu_order":0,"comment_status":"closed","ping_status":"closed","template":"","meta":{"_et_pb_use_builder":"on","_et_pb_old_content":"","_et_gb_content_width":"","footnotes":""},"_links":{"self":[{"href":"https:\/\/www.advaloremadvocats.cat\/es\/wp-json\/wp\/v2\/pages\/180"}],"collection":[{"href":"https:\/\/www.advaloremadvocats.cat\/es\/wp-json\/wp\/v2\/pages"}],"about":[{"href":"https:\/\/www.advaloremadvocats.cat\/es\/wp-json\/wp\/v2\/types\/page"}],"author":[{"embeddable":true,"href":"https:\/\/www.advaloremadvocats.cat\/es\/wp-json\/wp\/v2\/users\/4"}],"replies":[{"embeddable":true,"href":"https:\/\/www.advaloremadvocats.cat\/es\/wp-json\/wp\/v2\/comments?post=180"}],"version-history":[{"count":37,"href":"https:\/\/www.advaloremadvocats.cat\/es\/wp-json\/wp\/v2\/pages\/180\/revisions"}],"predecessor-version":[{"id":2535,"href":"https:\/\/www.advaloremadvocats.cat\/es\/wp-json\/wp\/v2\/pages\/180\/revisions\/2535"}],"wp:attachment":[{"href":"https:\/\/www.advaloremadvocats.cat\/es\/wp-json\/wp\/v2\/media?parent=180"}],"curies":[{"name":"wp","href":"https:\/\/api.w.org\/{rel}","templated":true}]}}